{"id":1576,"date":"2020-02-11T10:15:26","date_gmt":"2020-02-11T10:15:26","guid":{"rendered":"https:\/\/waveride.qodeinteractive.com\/?page_id=1576"},"modified":"2024-03-16T21:12:14","modified_gmt":"2024-03-16T18:12:14","slug":"flying-waterwall","status":"publish","type":"page","link":"https:\/\/martiwatersports.com\/index.php\/aktiviteler\/flying-waterwall\/","title":{"rendered":"Flying Waterwall Speed Tour"},"content":{"rendered":"<p>[vc_row enable_surfer_icon=&#8221;no&#8221;][vc_column][vc_single_image image=&#8221;3310&#8243; img_size=&#8221;full&#8221;][\/vc_column][\/vc_row][vc_row enable_surfer_icon=&#8221;no&#8221; css=&#8221;.vc_custom_1579277130626{padding-top: 16px !important;}&#8221;][vc_column offset=&#8221;vc_col-lg-offset-0 vc_col-lg-6 vc_col-md-offset-0 vc_col-md-12 vc_col-sm-offset-0 vc_col-xs-12&#8243; el_class=&#8221;qodef-map&#8221;][vc_column_text]<\/p>\n<h4><span style=\"font-weight: bold;\">History of surfing<\/span><\/h4>\n<p>[\/vc_column_text][\/vc_column][vc_column css=&#8221;.vc_custom_1550505500194{margin-left: -15px !important;padding-left: 0px !important;}&#8221; offset=&#8221;vc_col-lg-offset-0 vc_col-lg-6 vc_col-md-offset-0 vc_col-md-12 vc_col-sm-offset-0&#8243;][\/vc_column][\/vc_row][vc_row content_text_aligment=&#8221;left&#8221; enable_surfer_icon=&#8221;no&#8221; css=&#8221;.vc_custom_1582543773844{padding-top: 14px !important;}&#8221;][vc_column][vc_column_text]Adrenalin tutkunlar\u0131 i\u00e7in s\u0131ra d\u0131\u015f\u0131 bir deneyim sunan Mart\u0131 Su Sporlar\u0131, u\u00e7an su duvar\u0131 h\u0131z turuyla h\u0131z tutkunlar\u0131n\u0131 unutulmaz bir maceraya davet ediyor. E\u011fer siz de s\u0131ra d\u0131\u015f\u0131 bir deneyim ya\u015famak ve adrenalin dolu anlar\u0131n keyfini \u00e7\u0131karmak istiyorsan\u0131z, Mart\u0131 Su Sporlar\u0131&#8217;n\u0131n u\u00e7an su duvar\u0131 h\u0131z turu tam size g\u00f6re.<\/p>\n<p><strong>H\u0131z ve Heyecan\u0131n Bulu\u015fma Noktas\u0131<\/strong><\/p>\n<p>U\u00e7an su duvar\u0131 h\u0131z turumuz, denizde h\u0131z tutkunlar\u0131 i\u00e7in tasarlanm\u0131\u015f e\u015fsiz bir deneyim sunuyor. Modern ekipmanlar\u0131m\u0131z ve deneyimli rehberlerimiz e\u015fli\u011finde, suyun \u00fczerinde adeta u\u00e7ar gibi s\u00fcz\u00fclmenin heyecan\u0131n\u0131 ya\u015fayacaks\u0131n\u0131z. Mart\u0131 Su Sporlar\u0131 olarak, g\u00fcvenli\u011fi ve e\u011flenceyi bir arada sunarak unutulmaz anlar ya\u015faman\u0131z\u0131 sa\u011fl\u0131yoruz.<\/p>\n<p><strong>U\u00e7an Su Duvar\u0131 H\u0131z Turu Hakk\u0131nda<\/strong><\/p>\n<p>U\u00e7an su duvar\u0131 h\u0131z turumuzda, suyun \u00fczerinde h\u0131zla ilerlerken serbest\u00e7e hareket etmenin \u00f6zg\u00fcrl\u00fc\u011f\u00fcn\u00fc hissedeceksiniz. Deneyimli rehberlerimiz e\u015fli\u011finde, suyun \u00fczerindeki engelleri a\u015farken adrenalin dolu anlar\u0131n keyfini \u00e7\u0131karacaks\u0131n\u0131z. Ayr\u0131ca, \u00f6zel tur se\u00e7eneklerimizle arkada\u015flar\u0131n\u0131z veya ailenizle birlikte unutulmaz bir deneyim ya\u015fayabilirsiniz.<\/p>\n<p><strong>Neden Mart\u0131 Su Sporlar\u0131?<\/strong><\/p>\n<ul>\n<li><strong>G\u00fcvenli ve Deneyimli Ekip:<\/strong> Deneyimli rehberlerimiz ve modern ekipmanlar\u0131m\u0131zla g\u00fcvenli bir deneyim ya\u015faman\u0131z\u0131 sa\u011fl\u0131yoruz.<\/li>\n<li><strong>Adrenalin Dolu Anlar:<\/strong> U\u00e7an su duvar\u0131 h\u0131z turumuzla, adrenalin tutkunlar\u0131n\u0131n heyecan\u0131n\u0131 doruklara \u00e7\u0131kar\u0131yoruz.<\/li>\n<li><strong>E\u015fsiz Deneyim:<\/strong> Su \u00fczerinde u\u00e7ar gibi s\u00fcz\u00fclmek gibi e\u015fsiz bir deneyim ya\u015faman\u0131z\u0131 sa\u011fl\u0131yoruz.<\/li>\n<\/ul>\n<p>[\/vc_column_text][vc_column_text css=&#8221;.vc_custom_1709386608613{padding-top: 2px !important;}&#8221;]<\/p>\n<blockquote><p><strong>S\u0131ra D\u0131\u015f\u0131 Bir Deneyim: U\u00e7an Su Duvar\u0131 H\u0131z Turu<\/strong><\/p><\/blockquote>\n<p>[\/vc_column_text][vc_column_text]<strong>Hadi Kat\u0131l\u0131n!<\/strong><\/p>\n<p>Adrenalin dolu anlar ya\u015famak ve suyun \u00fczerinde h\u0131z\u0131n tad\u0131n\u0131 \u00e7\u0131karmak i\u00e7in hemen rezervasyon yap\u0131n! Mart\u0131 Su Sporlar\u0131 olarak, deniz tutkunlar\u0131n\u0131 unutulmaz bir deneyim ya\u015famaya davet ediyoruz.[\/vc_column_text][\/vc_column][\/vc_row][vc_row enable_surfer_icon=&#8221;no&#8221; css=&#8221;.vc_custom_1579769032153{padding-top: 61px !important;}&#8221;][vc_column offset=&#8221;vc_col-lg-offset-0 vc_col-lg-6 vc_col-md-offset-0 vc_col-md-12 vc_col-sm-offset-0 vc_col-xs-12&#8243; el_class=&#8221;qodef-map&#8221;][\/vc_column][\/vc_row][vc_row enable_surfer_icon=&#8221;no&#8221;][vc_column][\/vc_column][\/vc_row][vc_row enable_surfer_icon=&#8221;no&#8221; css=&#8221;.vc_custom_1579771923784{padding-top: 59px !important;}&#8221;][vc_column offset=&#8221;vc_col-lg-offset-0 vc_col-lg-6 vc_col-md-offset-0 vc_col-md-12 vc_col-sm-offset-0 vc_col-xs-12&#8243; el_class=&#8221;qodef-map&#8221;][vc_column_text]<strong>Di\u011fer Turlar\u0131m\u0131z<\/strong>[\/vc_column_text][\/vc_column][vc_column css=&#8221;.vc_custom_1550505500194{margin-left: -15px !important;padding-left: 0px !important;}&#8221; offset=&#8221;vc_col-lg-offset-0 vc_col-lg-6 vc_col-md-offset-0 vc_col-md-12 vc_col-sm-offset-0&#8243;][\/vc_column][\/vc_row][vc_row enable_surfer_icon=&#8221;no&#8221; css=&#8221;.vc_custom_1579772034878{padding-top: 19px !important;}&#8221;][vc_column]<div class=\"qodef-linked-images qodef-three-columns qodef-normal-space qodef-grid-masonry-list qodef-normal-space qodef-grid-list\"  data-full-height=\"yes\">\n\t\t<div class=\"qodef-masonry-list-wrapper qodef-outer-space\">\n\t\t<div class=\"qodef-masonry-grid-sizer\"><\/div>\n\t\t<div class=\"qodef-masonry-grid-gutter\"><\/div>\n\t\t\t<div class=\"qodef-linked-image-holder qodef-item-space qodef-li-text-slide\">\n\t\t<div class=\"qodef-linked-image-holder-inner\">\n\t\t\t<div class=\"qodef-linked-image-image-holder\">\n\t\t\t\t\t\t\t\t\t<a href=\"https:\/\/martiwatersports.com\/index.php\/aktiviteler\/motor-yatch-tour\/\" target=\"_self\">\n\t\t\t\t\t\t\t\t\t<div class=\"qodef-linked-image-image\">\n                        <img loading=\"lazy\" decoding=\"async\" width=\"2560\" height=\"1708\" src=\"https:\/\/martiwatersports.com\/wp-content\/uploads\/2024\/03\/motoryatch-scaled.jpg\" class=\"attachment-full size-full\" alt=\"\" srcset=\"https:\/\/martiwatersports.com\/wp-content\/uploads\/2024\/03\/motoryatch-scaled.jpg 2560w, https:\/\/martiwatersports.com\/wp-content\/uploads\/2024\/03\/motoryatch-300x200.jpg 300w, https:\/\/martiwatersports.com\/wp-content\/uploads\/2024\/03\/motoryatch-1024x683.jpg 1024w, https:\/\/martiwatersports.com\/wp-content\/uploads\/2024\/03\/motoryatch-768x512.jpg 768w, https:\/\/martiwatersports.com\/wp-content\/uploads\/2024\/03\/motoryatch-1536x1025.jpg 1536w\" sizes=\"auto, (max-width: 2560px) 100vw, 2560px\" \/>                    <\/div>\n\n\t\t\t\t\t<div class=\"qodef-linked-image-description-wrapper\">\n\t\t\t\t\t\t\t\t\t\t\t\t\t<div class=\"qodef-linked-image-description-inner\">\n                                \t\t\t\t\t\t\t\t<div class=\"qodef-linked-image-description\">\n                                                                            <h2 class=\"qodef-linked-image-title\">\n                                            Motoryatch                                        <\/h2>\n                                                                        \t\t\t\t\t\t\t\t\t                                    <div class=\"qodef-linked-image-cover\"><\/div>\n\t\t\t\t\t\t\t\t<\/div>\n\t\t\t\t\t\t\t<\/div>\n\t\t\t\t\t\t\t\t\t\t\t<\/div>\n\t\t\t\t\t\t\t\t\t<\/a>\n\t\t\t\t\t\t\t<\/div>\n\t\t<\/div>\n\t<\/div>\n\t<div class=\"qodef-linked-image-holder qodef-item-space qodef-li-text-slide\">\n\t\t<div class=\"qodef-linked-image-holder-inner\">\n\t\t\t<div class=\"qodef-linked-image-image-holder\">\n\t\t\t\t\t\t\t\t\t<a href=\"https:\/\/martiwatersports.com\/index.php\/aktiviteler\/speed-boat\/\" target=\"_self\">\n\t\t\t\t\t\t\t\t\t<div class=\"qodef-linked-image-image\">\n                        <img loading=\"lazy\" decoding=\"async\" width=\"662\" height=\"399\" src=\"https:\/\/martiwatersports.com\/wp-content\/uploads\/2024\/03\/Adsiz-tasarim-4.png\" class=\"attachment-full size-full\" alt=\"\" srcset=\"https:\/\/martiwatersports.com\/wp-content\/uploads\/2024\/03\/Adsiz-tasarim-4.png 662w, https:\/\/martiwatersports.com\/wp-content\/uploads\/2024\/03\/Adsiz-tasarim-4-300x181.png 300w\" sizes=\"auto, (max-width: 662px) 100vw, 662px\" \/>                    <\/div>\n\n\t\t\t\t\t<div class=\"qodef-linked-image-description-wrapper\">\n\t\t\t\t\t\t\t\t\t\t\t\t\t<div class=\"qodef-linked-image-description-inner\">\n                                \t\t\t\t\t\t\t\t<div class=\"qodef-linked-image-description\">\n                                                                            <h2 class=\"qodef-linked-image-title\">\n                                            Boat To Side                                        <\/h2>\n                                                                        \t\t\t\t\t\t\t\t\t                                    <div class=\"qodef-linked-image-cover\"><\/div>\n\t\t\t\t\t\t\t\t<\/div>\n\t\t\t\t\t\t\t<\/div>\n\t\t\t\t\t\t\t\t\t\t\t<\/div>\n\t\t\t\t\t\t\t\t\t<\/a>\n\t\t\t\t\t\t\t<\/div>\n\t\t<\/div>\n\t<\/div>\n\t<div class=\"qodef-linked-image-holder qodef-item-space qodef-li-text-slide\">\n\t\t<div class=\"qodef-linked-image-holder-inner\">\n\t\t\t<div class=\"qodef-linked-image-image-holder\">\n\t\t\t\t\t\t\t\t\t<a href=\"https:\/\/martiwatersports.com\/index.php\/aktiviteler\/speed-and-relax\/\" target=\"_self\">\n\t\t\t\t\t\t\t\t\t<div class=\"qodef-linked-image-image\">\n                        <img loading=\"lazy\" decoding=\"async\" width=\"662\" height=\"399\" src=\"https:\/\/martiwatersports.com\/wp-content\/uploads\/2024\/03\/speed-relax-boat-martiwatersports.png\" class=\"attachment-full size-full\" alt=\"\" srcset=\"https:\/\/martiwatersports.com\/wp-content\/uploads\/2024\/03\/speed-relax-boat-martiwatersports.png 662w, https:\/\/martiwatersports.com\/wp-content\/uploads\/2024\/03\/speed-relax-boat-martiwatersports-300x181.png 300w\" sizes=\"auto, (max-width: 662px) 100vw, 662px\" \/>                    <\/div>\n\n\t\t\t\t\t<div class=\"qodef-linked-image-description-wrapper\">\n\t\t\t\t\t\t\t\t\t\t\t\t\t<div class=\"qodef-linked-image-description-inner\">\n                                \t\t\t\t\t\t\t\t<div class=\"qodef-linked-image-description\">\n                                                                            <h2 class=\"qodef-linked-image-title\">\n                                            Speed Relax                                        <\/h2>\n                                                                        \t\t\t\t\t\t\t\t\t                                    <div class=\"qodef-linked-image-cover\"><\/div>\n\t\t\t\t\t\t\t\t<\/div>\n\t\t\t\t\t\t\t<\/div>\n\t\t\t\t\t\t\t\t\t\t\t<\/div>\n\t\t\t\t\t\t\t\t\t<\/a>\n\t\t\t\t\t\t\t<\/div>\n\t\t<\/div>\n\t<\/div>\n\t<div class=\"qodef-linked-image-holder qodef-item-space qodef-li-text-slide\">\n\t\t<div class=\"qodef-linked-image-holder-inner\">\n\t\t\t<div class=\"qodef-linked-image-image-holder\">\n\t\t\t\t\t\t\t\t\t<a href=\"https:\/\/martiwatersports.com\/index.php\/aktiviteler\/fishing-tour\/\" target=\"_self\">\n\t\t\t\t\t\t\t\t\t<div class=\"qodef-linked-image-image\">\n                        <img loading=\"lazy\" decoding=\"async\" width=\"1707\" height=\"2560\" src=\"https:\/\/martiwatersports.com\/wp-content\/uploads\/2024\/02\/man-fishing-river-scaled.jpg\" class=\"attachment-full size-full\" alt=\"\" srcset=\"https:\/\/martiwatersports.com\/wp-content\/uploads\/2024\/02\/man-fishing-river-scaled.jpg 1707w, https:\/\/martiwatersports.com\/wp-content\/uploads\/2024\/02\/man-fishing-river-200x300.jpg 200w, https:\/\/martiwatersports.com\/wp-content\/uploads\/2024\/02\/man-fishing-river-683x1024.jpg 683w, https:\/\/martiwatersports.com\/wp-content\/uploads\/2024\/02\/man-fishing-river-768x1152.jpg 768w, https:\/\/martiwatersports.com\/wp-content\/uploads\/2024\/02\/man-fishing-river-1024x1536.jpg 1024w, https:\/\/martiwatersports.com\/wp-content\/uploads\/2024\/02\/man-fishing-river-1365x2048.jpg 1365w\" sizes=\"auto, (max-width: 1707px) 100vw, 1707px\" \/>                    <\/div>\n\n\t\t\t\t\t<div class=\"qodef-linked-image-description-wrapper\">\n\t\t\t\t\t\t\t\t\t\t\t\t\t<div class=\"qodef-linked-image-description-inner\">\n                                \t\t\t\t\t\t\t\t<div class=\"qodef-linked-image-description\">\n                                                                            <h2 class=\"qodef-linked-image-title\">\n                                            Fishing                                        <\/h2>\n                                                                        \t\t\t\t\t\t\t\t\t                                    <div class=\"qodef-linked-image-cover\"><\/div>\n\t\t\t\t\t\t\t\t<\/div>\n\t\t\t\t\t\t\t<\/div>\n\t\t\t\t\t\t\t\t\t\t\t<\/div>\n\t\t\t\t\t\t\t\t\t<\/a>\n\t\t\t\t\t\t\t<\/div>\n\t\t<\/div>\n\t<\/div>\n<\/div><\/div>[\/vc_column][\/vc_row][vc_row enable_surfer_icon=&#8221;no&#8221; css=&#8221;.vc_custom_1579771977111{padding-top: 64px !important;}&#8221;][vc_column offset=&#8221;vc_col-lg-offset-0 vc_col-lg-6 vc_col-md-offset-0 vc_col-md-12 vc_col-sm-offset-0 vc_col-xs-12&#8243; el_class=&#8221;qodef-map&#8221;][\/vc_column][vc_column css=&#8221;.vc_custom_1550505500194{margin-left: -15px !important;padding-left: 0px !important;}&#8221; offset=&#8221;vc_col-lg-offset-0 vc_col-lg-6 vc_col-md-offset-0 vc_col-md-12 vc_col-sm-offset-0&#8243;][\/vc_column][\/vc_row][vc_row enable_surfer_icon=&#8221;no&#8221; css=&#8221;.vc_custom_1579772057580{padding-top: 17px !important;}&#8221;][vc_column][\/vc_column][\/vc_row][vc_row disable_element=&#8221;yes&#8221; enable_surfer_icon=&#8221;no&#8221; css=&#8221;.vc_custom_1579772658976{padding-top: 17px !important;}&#8221;][vc_column][\/vc_column][\/vc_row]<\/p>\n","protected":false},"excerpt":{"rendered":"<p>[vc_row enable_surfer_icon=&#8221;no&#8221;][vc_column][vc_single_image image=&#8221;3310&#8243; img_size=&#8221;full&#8221;][\/vc_column][\/vc_row][vc_row enable_surfer_icon=&#8221;no&#8221; css=&#8221;.vc_custom_1579277130626{padding-top: 16px !important;}&#8221;][vc_column offset=&#8221;vc_col-lg-offset-0 vc_col-lg-6 vc_col-md-offset-0 vc_col-md-12 vc_col-sm-offset-0 vc_col-xs-12&#8243; el_class=&#8221;qodef-map&#8221;][vc_column_text] History of surfing [\/vc_column_text][\/vc_column][vc_column css=&#8221;.vc_custom_1550505500194{margin-left: -15px !important;padding-left: 0px !important;}&#8221; offset=&#8221;vc_col-lg-offset-0 vc_col-lg-6 vc_col-md-offset-0 vc_col-md-12 vc_col-sm-offset-0&#8243;][\/vc_column][\/vc_row][vc_row content_text_aligment=&#8221;left&#8221; enable_surfer_icon=&#8221;no&#8221; css=&#8221;.vc_custom_1582543773844{padding-top: 14px !important;}&#8221;][vc_column][vc_column_text]Adrenalin tutkunlar\u0131 i\u00e7in s\u0131ra d\u0131\u015f\u0131 bir deneyim [&hellip;]<\/p>\n","protected":false},"author":1,"featured_media":0,"parent":1116,"menu_order":0,"comment_status":"closed","ping_status":"closed","template":"","meta":{"footnotes":""},"class_list":["post-1576","page","type-page","status-publish","hentry"],"_links":{"self":[{"href":"https:\/\/martiwatersports.com\/index.php\/wp-json\/wp\/v2\/pages\/1576","targetHints":{"allow":["GET"]}}],"collection":[{"href":"https:\/\/martiwatersports.com\/index.php\/wp-json\/wp\/v2\/pages"}],"about":[{"href":"https:\/\/martiwatersports.com\/index.php\/wp-json\/wp\/v2\/types\/page"}],"author":[{"embeddable":true,"href":"https:\/\/martiwatersports.com\/index.php\/wp-json\/wp\/v2\/users\/1"}],"replies":[{"embeddable":true,"href":"https:\/\/martiwatersports.com\/index.php\/wp-json\/wp\/v2\/comments?post=1576"}],"version-history":[{"count":8,"href":"https:\/\/martiwatersports.com\/index.php\/wp-json\/wp\/v2\/pages\/1576\/revisions"}],"predecessor-version":[{"id":3333,"href":"https:\/\/martiwatersports.com\/index.php\/wp-json\/wp\/v2\/pages\/1576\/revisions\/3333"}],"up":[{"embeddable":true,"href":"https:\/\/martiwatersports.com\/index.php\/wp-json\/wp\/v2\/pages\/1116"}],"wp:attachment":[{"href":"https:\/\/martiwatersports.com\/index.php\/wp-json\/wp\/v2\/media?parent=1576"}],"curies":[{"name":"wp","href":"https:\/\/api.w.org\/{rel}","templated":true}]}}