{"id":1588,"date":"2020-02-11T10:21:27","date_gmt":"2020-02-11T10:21:27","guid":{"rendered":"https:\/\/waveride.qodeinteractive.com\/?page_id=1588"},"modified":"2024-03-16T21:12:29","modified_gmt":"2024-03-16T18:12:29","slug":"motor-yatch-tour","status":"publish","type":"page","link":"https:\/\/martiwatersports.com\/index.php\/aktiviteler\/motor-yatch-tour\/","title":{"rendered":"Motoryatch Tour"},"content":{"rendered":"<p>[vc_row enable_surfer_icon=&#8221;no&#8221;][vc_column][vc_single_image image=&#8221;3246&#8243; img_size=&#8221;full&#8221;][\/vc_column][\/vc_row][vc_row enable_surfer_icon=&#8221;no&#8221; css=&#8221;.vc_custom_1579277130626{padding-top: 16px !important;}&#8221;][vc_column offset=&#8221;vc_col-lg-offset-0 vc_col-lg-6 vc_col-md-offset-0 vc_col-md-12 vc_col-sm-offset-0 vc_col-xs-12&#8243; el_class=&#8221;qodef-map&#8221;][vc_column_text]<\/p>\n<h4><span style=\"font-weight: bold;\">\u0130nan\u0131lmaz Motor Yat Turlar\u0131!<\/span><\/h4>\n<p>[\/vc_column_text][\/vc_column][vc_column css=&#8221;.vc_custom_1550505500194{margin-left: -15px !important;padding-left: 0px !important;}&#8221; offset=&#8221;vc_col-lg-offset-0 vc_col-lg-6 vc_col-md-offset-0 vc_col-md-12 vc_col-sm-offset-0&#8243;][\/vc_column][\/vc_row][vc_row content_text_aligment=&#8221;left&#8221; enable_surfer_icon=&#8221;no&#8221; css=&#8221;.vc_custom_1582543773844{padding-top: 14px !important;}&#8221;][vc_column][vc_column_text]Denizin l\u00fcks\u00fcn\u00fc ve konforunu ya\u015famak isteyenler i\u00e7in Mart\u0131 Su Sporlar\u0131, unutulmaz bir deneyim sunuyor: Motor Yat Turlar\u0131! E\u011fer siz de denizin dalgalar\u0131nda konforun ve huzurun tad\u0131n\u0131 \u00e7\u0131karmak istiyorsan\u0131z, Mart\u0131 Su Sporlar\u0131&#8217;n\u0131n motor yat turlar\u0131 tam size g\u00f6re.<\/p>\n<p><strong>L\u00fcks ve Konforun Bulu\u015ftu\u011fu Yolculuklar<\/strong><\/p>\n<p>Mart\u0131 Su Sporlar\u0131 olarak, m\u00fc\u015fterilerimize en kaliteli deneyimi sunmay\u0131 ama\u00e7l\u0131yoruz. Motor yatlar\u0131m\u0131zla ger\u00e7ekle\u015ftirdi\u011fimiz turlar\u0131m\u0131zda, denizin keyfini l\u00fcks ve konforla \u00e7\u0131karman\u0131z\u0131 sa\u011fl\u0131yoruz. Profesyonel ekibimiz ve modern ekipmanlar\u0131m\u0131zla, g\u00fcvenli ve keyifli bir yolculuk vaat ediyoruz.<\/p>\n<p><strong>Motor Yat Turlar\u0131 Hakk\u0131nda<\/strong><\/p>\n<p>Motor yat turlar\u0131m\u0131zda, denizin mavisinde yol al\u0131rken g\u00f6zlerinizin \u00f6n\u00fcnden ge\u00e7en muhte\u015fem manzaralar\u0131n keyfini \u00e7\u0131karacaks\u0131n\u0131z. Konforlu g\u00fcvertelerimizde dinlenirken, lezzetli at\u0131\u015ft\u0131rmal\u0131klar\u0131m\u0131zla v\u00fccudunuzu \u015f\u0131martacak, denizin ve g\u00fcne\u015fin tad\u0131n\u0131 doyas\u0131ya \u00e7\u0131karacaks\u0131n\u0131z. Ayr\u0131ca, \u00f6zel tur se\u00e7eneklerimizle \u00f6zel g\u00fcnlerinizi veya etkinliklerinizi unutulmaz k\u0131labilirsiniz.<\/p>\n<p><strong>Neden Mart\u0131 Su Sporlar\u0131?<\/strong><\/p>\n<ul>\n<li><strong>L\u00fcks ve Konfor:<\/strong> Motor yatlar\u0131m\u0131zla, denizin keyfini l\u00fcks ve konforla \u00e7\u0131karman\u0131z\u0131 sa\u011fl\u0131yoruz.<\/li>\n<li><strong>Profesyonel Ekip:<\/strong> Deneyimli personelimizle, g\u00fcvenli ve keyifli bir deneyim ya\u015faman\u0131z\u0131 garanti ediyoruz.<\/li>\n<li><strong>Esnek Programlar:<\/strong> \u0130htiya\u00e7lar\u0131n\u0131za uygun olarak \u00f6zelle\u015ftirilmi\u015f turlar\u0131m\u0131zla, unutulmaz bir deneyim ya\u015faman\u0131z\u0131 sa\u011fl\u0131yoruz.<\/li>\n<\/ul>\n<p>[\/vc_column_text][vc_column_text css=&#8221;.vc_custom_1709385671539{padding-top: 2px !important;}&#8221;]<\/p>\n<blockquote>\n<p style=\"text-align: left;\"><strong>Denizin L\u00fcks\u00fc ve Konforu: Mart\u0131 Su Sporlar\u0131&#8217;n\u0131n Motor Yat Turlar\u0131<\/strong><\/p>\n<\/blockquote>\n<p>[\/vc_column_text][vc_column_text]<strong>Hadi Kat\u0131l\u0131n!<\/strong><\/p>\n<p>Denizin l\u00fcks\u00fc ve konforuyla dolu bir yolculu\u011fa \u00e7\u0131kmak i\u00e7in hemen rezervasyon yap\u0131n! Mart\u0131 Su Sporlar\u0131 olarak, deniz tutkunlar\u0131n\u0131 unutulmaz bir deneyim ya\u015famaya davet ediyoruz.[\/vc_column_text][\/vc_column][\/vc_row][vc_row enable_surfer_icon=&#8221;no&#8221; css=&#8221;.vc_custom_1579769032153{padding-top: 61px !important;}&#8221;][vc_column offset=&#8221;vc_col-lg-offset-0 vc_col-lg-6 vc_col-md-offset-0 vc_col-md-12 vc_col-sm-offset-0 vc_col-xs-12&#8243; el_class=&#8221;qodef-map&#8221;][\/vc_column][vc_column css=&#8221;.vc_custom_1550505500194{margin-left: -15px !important;padding-left: 0px !important;}&#8221; offset=&#8221;vc_col-lg-offset-0 vc_col-lg-6 vc_col-md-offset-0 vc_col-md-12 vc_col-sm-offset-0&#8243;][\/vc_column][\/vc_row][vc_row enable_surfer_icon=&#8221;no&#8221;][vc_column][vc_column_text]<strong>Di\u011fer Turlar\u0131m\u0131z<\/strong>[\/vc_column_text][\/vc_column][\/vc_row][vc_row enable_surfer_icon=&#8221;no&#8221; css=&#8221;.vc_custom_1579772034878{padding-top: 19px !important;}&#8221;][vc_column]<div class=\"qodef-linked-images qodef-three-columns qodef-normal-space qodef-grid-masonry-list qodef-normal-space qodef-grid-list\"  data-full-height=\"yes\">\n\t\t<div class=\"qodef-masonry-list-wrapper qodef-outer-space\">\n\t\t<div class=\"qodef-masonry-grid-sizer\"><\/div>\n\t\t<div class=\"qodef-masonry-grid-gutter\"><\/div>\n\t\t\t<div class=\"qodef-linked-image-holder qodef-item-space qodef-li-text-slide\">\n\t\t<div class=\"qodef-linked-image-holder-inner\">\n\t\t\t<div class=\"qodef-linked-image-image-holder\">\n\t\t\t\t\t\t\t\t\t<a href=\"https:\/\/martiwatersports.com\/index.php\/aktiviteler\/speed-and-relax\/\" target=\"_self\">\n\t\t\t\t\t\t\t\t\t<div class=\"qodef-linked-image-image\">\n                        <img loading=\"lazy\" decoding=\"async\" width=\"662\" height=\"399\" src=\"https:\/\/martiwatersports.com\/wp-content\/uploads\/2024\/03\/speed-relax-boat-martiwatersports.png\" class=\"attachment-full size-full\" alt=\"\" srcset=\"https:\/\/martiwatersports.com\/wp-content\/uploads\/2024\/03\/speed-relax-boat-martiwatersports.png 662w, https:\/\/martiwatersports.com\/wp-content\/uploads\/2024\/03\/speed-relax-boat-martiwatersports-300x181.png 300w\" sizes=\"auto, (max-width: 662px) 100vw, 662px\" \/>                    <\/div>\n\n\t\t\t\t\t<div class=\"qodef-linked-image-description-wrapper\">\n\t\t\t\t\t\t\t\t\t\t\t\t\t<div class=\"qodef-linked-image-description-inner\">\n                                \t\t\t\t\t\t\t\t<div class=\"qodef-linked-image-description\">\n                                                                            <h2 class=\"qodef-linked-image-title\">\n                                            Speed Relax                                        <\/h2>\n                                                                        \t\t\t\t\t\t\t\t\t                                    <div class=\"qodef-linked-image-cover\"><\/div>\n\t\t\t\t\t\t\t\t<\/div>\n\t\t\t\t\t\t\t<\/div>\n\t\t\t\t\t\t\t\t\t\t\t<\/div>\n\t\t\t\t\t\t\t\t\t<\/a>\n\t\t\t\t\t\t\t<\/div>\n\t\t<\/div>\n\t<\/div>\n\t<div class=\"qodef-linked-image-holder qodef-item-space qodef-li-text-slide\">\n\t\t<div class=\"qodef-linked-image-holder-inner\">\n\t\t\t<div class=\"qodef-linked-image-image-holder\">\n\t\t\t\t\t\t\t\t\t<a href=\"https:\/\/martiwatersports.com\/index.php\/aktiviteler\/speed-boat\/\" target=\"_self\">\n\t\t\t\t\t\t\t\t\t<div class=\"qodef-linked-image-image\">\n                        <img loading=\"lazy\" decoding=\"async\" width=\"662\" height=\"399\" src=\"https:\/\/martiwatersports.com\/wp-content\/uploads\/2024\/03\/Adsiz-tasarim-4.png\" class=\"attachment-full size-full\" alt=\"\" srcset=\"https:\/\/martiwatersports.com\/wp-content\/uploads\/2024\/03\/Adsiz-tasarim-4.png 662w, https:\/\/martiwatersports.com\/wp-content\/uploads\/2024\/03\/Adsiz-tasarim-4-300x181.png 300w\" sizes=\"auto, (max-width: 662px) 100vw, 662px\" \/>                    <\/div>\n\n\t\t\t\t\t<div class=\"qodef-linked-image-description-wrapper\">\n\t\t\t\t\t\t\t\t\t\t\t\t\t<div class=\"qodef-linked-image-description-inner\">\n                                \t\t\t\t\t\t\t\t<div class=\"qodef-linked-image-description\">\n                                                                            <h2 class=\"qodef-linked-image-title\">\n                                            Boat To Side                                        <\/h2>\n                                                                        \t\t\t\t\t\t\t\t\t                                    <div class=\"qodef-linked-image-cover\"><\/div>\n\t\t\t\t\t\t\t\t<\/div>\n\t\t\t\t\t\t\t<\/div>\n\t\t\t\t\t\t\t\t\t\t\t<\/div>\n\t\t\t\t\t\t\t\t\t<\/a>\n\t\t\t\t\t\t\t<\/div>\n\t\t<\/div>\n\t<\/div>\n\t<div class=\"qodef-linked-image-holder qodef-item-space qodef-li-text-slide\">\n\t\t<div class=\"qodef-linked-image-holder-inner\">\n\t\t\t<div class=\"qodef-linked-image-image-holder\">\n\t\t\t\t\t\t\t\t\t<a href=\"https:\/\/martiwatersports.com\/index.php\/aktiviteler\/flying-waterwall\/\" target=\"_self\">\n\t\t\t\t\t\t\t\t\t<div class=\"qodef-linked-image-image\">\n                        <img loading=\"lazy\" decoding=\"async\" width=\"662\" height=\"399\" src=\"https:\/\/martiwatersports.com\/wp-content\/uploads\/2024\/03\/waterfall-boat.png\" class=\"attachment-full size-full\" alt=\"\" srcset=\"https:\/\/martiwatersports.com\/wp-content\/uploads\/2024\/03\/waterfall-boat.png 662w, https:\/\/martiwatersports.com\/wp-content\/uploads\/2024\/03\/waterfall-boat-300x181.png 300w\" sizes=\"auto, (max-width: 662px) 100vw, 662px\" \/>                    <\/div>\n\n\t\t\t\t\t<div class=\"qodef-linked-image-description-wrapper\">\n\t\t\t\t\t\t\t\t\t\t\t\t\t<div class=\"qodef-linked-image-description-inner\">\n                                \t\t\t\t\t\t\t\t<div class=\"qodef-linked-image-description\">\n                                                                            <h2 class=\"qodef-linked-image-title\">\n                                            Waterfall                                        <\/h2>\n                                                                        \t\t\t\t\t\t\t\t\t                                    <div class=\"qodef-linked-image-cover\"><\/div>\n\t\t\t\t\t\t\t\t<\/div>\n\t\t\t\t\t\t\t<\/div>\n\t\t\t\t\t\t\t\t\t\t\t<\/div>\n\t\t\t\t\t\t\t\t\t<\/a>\n\t\t\t\t\t\t\t<\/div>\n\t\t<\/div>\n\t<\/div>\n\t<div class=\"qodef-linked-image-holder qodef-item-space qodef-li-text-slide\">\n\t\t<div class=\"qodef-linked-image-holder-inner\">\n\t\t\t<div class=\"qodef-linked-image-image-holder\">\n\t\t\t\t\t\t\t\t\t<a href=\"https:\/\/martiwatersports.com\/index.php\/aktiviteler\/fishing-tour\/\" target=\"_self\">\n\t\t\t\t\t\t\t\t\t<div class=\"qodef-linked-image-image\">\n                        <img loading=\"lazy\" decoding=\"async\" width=\"1707\" height=\"2560\" src=\"https:\/\/martiwatersports.com\/wp-content\/uploads\/2024\/02\/man-fishing-river-scaled.jpg\" class=\"attachment-full size-full\" alt=\"\" srcset=\"https:\/\/martiwatersports.com\/wp-content\/uploads\/2024\/02\/man-fishing-river-scaled.jpg 1707w, https:\/\/martiwatersports.com\/wp-content\/uploads\/2024\/02\/man-fishing-river-200x300.jpg 200w, https:\/\/martiwatersports.com\/wp-content\/uploads\/2024\/02\/man-fishing-river-683x1024.jpg 683w, https:\/\/martiwatersports.com\/wp-content\/uploads\/2024\/02\/man-fishing-river-768x1152.jpg 768w, https:\/\/martiwatersports.com\/wp-content\/uploads\/2024\/02\/man-fishing-river-1024x1536.jpg 1024w, https:\/\/martiwatersports.com\/wp-content\/uploads\/2024\/02\/man-fishing-river-1365x2048.jpg 1365w\" sizes=\"auto, (max-width: 1707px) 100vw, 1707px\" \/>                    <\/div>\n\n\t\t\t\t\t<div class=\"qodef-linked-image-description-wrapper\">\n\t\t\t\t\t\t\t\t\t\t\t\t\t<div class=\"qodef-linked-image-description-inner\">\n                                \t\t\t\t\t\t\t\t<div class=\"qodef-linked-image-description\">\n                                                                            <h2 class=\"qodef-linked-image-title\">\n                                            Fishing                                        <\/h2>\n                                                                        \t\t\t\t\t\t\t\t\t                                    <div class=\"qodef-linked-image-cover\"><\/div>\n\t\t\t\t\t\t\t\t<\/div>\n\t\t\t\t\t\t\t<\/div>\n\t\t\t\t\t\t\t\t\t\t\t<\/div>\n\t\t\t\t\t\t\t\t\t<\/a>\n\t\t\t\t\t\t\t<\/div>\n\t\t<\/div>\n\t<\/div>\n<\/div><\/div>[\/vc_column][\/vc_row][vc_row enable_surfer_icon=&#8221;no&#8221; css=&#8221;.vc_custom_1579771977111{padding-top: 64px !important;}&#8221;][vc_column offset=&#8221;vc_col-lg-offset-0 vc_col-lg-6 vc_col-md-offset-0 vc_col-md-12 vc_col-sm-offset-0 vc_col-xs-12&#8243; el_class=&#8221;qodef-map&#8221;][\/vc_column][vc_column css=&#8221;.vc_custom_1550505500194{margin-left: -15px !important;padding-left: 0px !important;}&#8221; offset=&#8221;vc_col-lg-offset-0 vc_col-lg-6 vc_col-md-offset-0 vc_col-md-12 vc_col-sm-offset-0&#8243;][\/vc_column][\/vc_row][vc_row enable_surfer_icon=&#8221;no&#8221; css=&#8221;.vc_custom_1579772057580{padding-top: 17px !important;}&#8221;][vc_column][\/vc_column][\/vc_row][vc_row disable_element=&#8221;yes&#8221; enable_surfer_icon=&#8221;no&#8221; css=&#8221;.vc_custom_1579772658976{padding-top: 17px !important;}&#8221;][vc_column][\/vc_column][\/vc_row]<\/p>\n","protected":false},"excerpt":{"rendered":"<p>[vc_row enable_surfer_icon=&#8221;no&#8221;][vc_column][vc_single_image image=&#8221;3246&#8243; img_size=&#8221;full&#8221;][\/vc_column][\/vc_row][vc_row enable_surfer_icon=&#8221;no&#8221; css=&#8221;.vc_custom_1579277130626{padding-top: 16px !important;}&#8221;][vc_column offset=&#8221;vc_col-lg-offset-0 vc_col-lg-6 vc_col-md-offset-0 vc_col-md-12 vc_col-sm-offset-0 vc_col-xs-12&#8243; el_class=&#8221;qodef-map&#8221;][vc_column_text] \u0130nan\u0131lmaz Motor Yat Turlar\u0131! [\/vc_column_text][\/vc_column][vc_column css=&#8221;.vc_custom_1550505500194{margin-left: -15px !important;padding-left: 0px !important;}&#8221; offset=&#8221;vc_col-lg-offset-0 vc_col-lg-6 vc_col-md-offset-0 vc_col-md-12 vc_col-sm-offset-0&#8243;][\/vc_column][\/vc_row][vc_row content_text_aligment=&#8221;left&#8221; enable_surfer_icon=&#8221;no&#8221; css=&#8221;.vc_custom_1582543773844{padding-top: 14px !important;}&#8221;][vc_column][vc_column_text]Denizin l\u00fcks\u00fcn\u00fc ve konforunu ya\u015famak isteyenler [&hellip;]<\/p>\n","protected":false},"author":1,"featured_media":0,"parent":1116,"menu_order":0,"comment_status":"closed","ping_status":"closed","template":"","meta":{"footnotes":""},"class_list":["post-1588","page","type-page","status-publish","hentry"],"_links":{"self":[{"href":"https:\/\/martiwatersports.com\/index.php\/wp-json\/wp\/v2\/pages\/1588","targetHints":{"allow":["GET"]}}],"collection":[{"href":"https:\/\/martiwatersports.com\/index.php\/wp-json\/wp\/v2\/pages"}],"about":[{"href":"https:\/\/martiwatersports.com\/index.php\/wp-json\/wp\/v2\/types\/page"}],"author":[{"embeddable":true,"href":"https:\/\/martiwatersports.com\/index.php\/wp-json\/wp\/v2\/users\/1"}],"replies":[{"embeddable":true,"href":"https:\/\/martiwatersports.com\/index.php\/wp-json\/wp\/v2\/comments?post=1588"}],"version-history":[{"count":9,"href":"https:\/\/martiwatersports.com\/index.php\/wp-json\/wp\/v2\/pages\/1588\/revisions"}],"predecessor-version":[{"id":3334,"href":"https:\/\/martiwatersports.com\/index.php\/wp-json\/wp\/v2\/pages\/1588\/revisions\/3334"}],"up":[{"embeddable":true,"href":"https:\/\/martiwatersports.com\/index.php\/wp-json\/wp\/v2\/pages\/1116"}],"wp:attachment":[{"href":"https:\/\/martiwatersports.com\/index.php\/wp-json\/wp\/v2\/media?parent=1588"}],"curies":[{"name":"wp","href":"https:\/\/api.w.org\/{rel}","templated":true}]}}