{"id":1591,"date":"2020-02-11T10:23:19","date_gmt":"2020-02-11T10:23:19","guid":{"rendered":"https:\/\/waveride.qodeinteractive.com\/?page_id=1591"},"modified":"2024-03-16T20:58:06","modified_gmt":"2024-03-16T17:58:06","slug":"speed-and-relax","status":"publish","type":"page","link":"https:\/\/martiwatersports.com\/index.php\/aktiviteler\/speed-and-relax\/","title":{"rendered":"Speed And Relax"},"content":{"rendered":"<p>[vc_row enable_surfer_icon=&#8221;no&#8221;][vc_column][vc_single_image image=&#8221;3245&#8243; img_size=&#8221;full&#8221;][\/vc_column][\/vc_row][vc_row enable_surfer_icon=&#8221;no&#8221; css=&#8221;.vc_custom_1579277130626{padding-top: 16px !important;}&#8221;][vc_column offset=&#8221;vc_col-lg-offset-0 vc_col-lg-6 vc_col-md-offset-0 vc_col-md-12 vc_col-sm-offset-0 vc_col-xs-12&#8243; el_class=&#8221;qodef-map&#8221;][vc_column_text]<\/p>\n<h4><strong>Denizin \u00d6zg\u00fcrl\u00fc\u011f\u00fcnde H\u0131z ve Huzurun Bulu\u015fmas\u0131: Mart\u0131 Su Sporlar\u0131<\/strong><\/h4>\n<p>[\/vc_column_text][\/vc_column][vc_column css=&#8221;.vc_custom_1550505500194{margin-left: -15px !important;padding-left: 0px !important;}&#8221; offset=&#8221;vc_col-lg-offset-0 vc_col-lg-6 vc_col-md-offset-0 vc_col-md-12 vc_col-sm-offset-0&#8243;][\/vc_column][\/vc_row][vc_row content_text_aligment=&#8221;left&#8221; enable_surfer_icon=&#8221;no&#8221; css=&#8221;.vc_custom_1582543773844{padding-top: 14px !important;}&#8221;][vc_column][vc_column_text]Denizde r\u00fczgar\u0131n esintisiyle birlikte h\u0131zlanmak ve ayn\u0131 zamanda i\u00e7 huzuru bulmak, Mart\u0131 Su Sporlar\u0131&#8217;n\u0131n sundu\u011fu benzersiz deneyimlerden sadece bir tanesi. E\u011fer siz de denizin a\u00e7\u0131k sular\u0131nda huzurun esintisinde r\u00fczgar\u0131n etkisiyle hem h\u0131zlanmak hem de rahatlamak istiyorsan\u0131z, do\u011fru adrestesiniz.<\/p>\n<p><strong>R\u00fczgar\u0131n \u0130nceli\u011fi ve H\u0131z\u0131n Heyecan\u0131<\/strong><\/p>\n<p>Mart\u0131 Su Sporlar\u0131 olarak, deniz severlere benzersiz bir deneyim sunmak i\u00e7in buraday\u0131z. Denizin a\u00e7\u0131k sular\u0131nda, huzurun esintisiyle birlikte r\u00fczgar\u0131n g\u00fcc\u00fcn\u00fc hissederek, s\u00fcrat teknelerimizle keyifli bir yolculu\u011fa \u00e7\u0131k\u0131yoruz. R\u00fczgar\u0131n inceli\u011fi ve h\u0131z\u0131n heyecan\u0131yla bir araya gelen bu deneyim, ruhunuzu ve bedeninizi adeta yeniden canland\u0131racak.<\/p>\n<p><strong>Huzurun Adresi: Mart\u0131 Su Sporlar\u0131<\/strong><\/p>\n<p>Mart\u0131 Su Sporlar\u0131 olarak, deniz tutkunlar\u0131na unutulmaz anlar ya\u015fatmay\u0131 hedefliyoruz. Denizin a\u00e7\u0131k sular\u0131nda, maviyle ye\u015filin bulu\u015ftu\u011fu noktalarda, huzurun ve \u00f6zg\u00fcrl\u00fc\u011f\u00fcn tad\u0131n\u0131 \u00e7\u0131karman\u0131z i\u00e7in en iyi imkanlar\u0131 sunuyoruz. Profesyonel ekibimiz ve modern ekipmanlar\u0131m\u0131zla, g\u00fcvenli bir \u015fekilde h\u0131z\u0131n ve huzurun keyfini \u00e7\u0131karman\u0131z\u0131 sa\u011fl\u0131yoruz.<\/p>\n<p><strong>Hadi Kat\u0131l\u0131n!<\/strong><\/p>\n<p>Denizin a\u00e7\u0131k sular\u0131nda, huzurun esintisinde r\u00fczgar\u0131n etkisiyle birlikte hem h\u0131zlanmak hem de rahatlamak i\u00e7in hemen bize kat\u0131l\u0131n! Mart\u0131 Su Sporlar\u0131 olarak, deniz tutkunlar\u0131n\u0131 unutulmaz bir deneyim ya\u015famaya davet ediyoruz.[\/vc_column_text][vc_column_text css=&#8221;.vc_custom_1709385233701{padding-top: 2px !important;}&#8221;]<\/p>\n<blockquote>\n<p style=\"text-align: left;\">Denizin \u00f6zg\u00fcrl\u00fc\u011f\u00fcnde h\u0131z ve huzurun bulu\u015ftu\u011fu bu benzersiz deneyimi ya\u015famak i\u00e7in, Mart\u0131 Su Sporlar\u0131 sizleri bekliyor!<\/p>\n<\/blockquote>\n<p>[\/vc_column_text][\/vc_column][\/vc_row][vc_row enable_surfer_icon=&#8221;no&#8221; css=&#8221;.vc_custom_1579769032153{padding-top: 61px !important;}&#8221;][vc_column offset=&#8221;vc_col-lg-offset-0 vc_col-lg-6 vc_col-md-offset-0 vc_col-md-12 vc_col-sm-offset-0 vc_col-xs-12&#8243; el_class=&#8221;qodef-map&#8221;][\/vc_column][vc_column css=&#8221;.vc_custom_1550505500194{margin-left: -15px !important;padding-left: 0px !important;}&#8221; offset=&#8221;vc_col-lg-offset-0 vc_col-lg-6 vc_col-md-offset-0 vc_col-md-12 vc_col-sm-offset-0&#8243;][\/vc_column][\/vc_row][vc_row enable_surfer_icon=&#8221;no&#8221;][vc_column][\/vc_column][\/vc_row][vc_row enable_surfer_icon=&#8221;no&#8221; css=&#8221;.vc_custom_1579771923784{padding-top: 59px !important;}&#8221;][vc_column offset=&#8221;vc_col-lg-offset-0 vc_col-lg-6 vc_col-md-offset-0 vc_col-md-12 vc_col-sm-offset-0 vc_col-xs-12&#8243; el_class=&#8221;qodef-map&#8221;][vc_column_text]<\/p>\n<h4><span style=\"font-weight: bold;\">Di\u011fer Turlar\u0131m\u0131z<\/span><\/h4>\n<p>[\/vc_column_text][\/vc_column][vc_column css=&#8221;.vc_custom_1550505500194{margin-left: -15px !important;padding-left: 0px !important;}&#8221; offset=&#8221;vc_col-lg-offset-0 vc_col-lg-6 vc_col-md-offset-0 vc_col-md-12 vc_col-sm-offset-0&#8243;][\/vc_column][\/vc_row][vc_row enable_surfer_icon=&#8221;no&#8221; css=&#8221;.vc_custom_1579772034878{padding-top: 19px !important;}&#8221;][vc_column]<div class=\"qodef-linked-images qodef-three-columns qodef-normal-space qodef-grid-masonry-list qodef-normal-space qodef-grid-list\"  data-full-height=\"yes\">\n\t\t<div class=\"qodef-masonry-list-wrapper qodef-outer-space\">\n\t\t<div class=\"qodef-masonry-grid-sizer\"><\/div>\n\t\t<div class=\"qodef-masonry-grid-gutter\"><\/div>\n\t\t\t<div class=\"qodef-linked-image-holder qodef-item-space qodef-li-text-slide\">\n\t\t<div class=\"qodef-linked-image-holder-inner\">\n\t\t\t<div class=\"qodef-linked-image-image-holder\">\n\t\t\t\t\t\t\t\t\t<a href=\"https:\/\/martiwatersports.com\/index.php\/aktiviteler\/speed-boat\/\" target=\"_self\">\n\t\t\t\t\t\t\t\t\t<div class=\"qodef-linked-image-image\">\n                        <img loading=\"lazy\" decoding=\"async\" width=\"662\" height=\"399\" src=\"https:\/\/martiwatersports.com\/wp-content\/uploads\/2024\/03\/Adsiz-tasarim-4.png\" class=\"attachment-full size-full\" alt=\"\" srcset=\"https:\/\/martiwatersports.com\/wp-content\/uploads\/2024\/03\/Adsiz-tasarim-4.png 662w, https:\/\/martiwatersports.com\/wp-content\/uploads\/2024\/03\/Adsiz-tasarim-4-300x181.png 300w\" sizes=\"auto, (max-width: 662px) 100vw, 662px\" \/>                    <\/div>\n\n\t\t\t\t\t<div class=\"qodef-linked-image-description-wrapper\">\n\t\t\t\t\t\t\t\t\t\t\t\t\t<div class=\"qodef-linked-image-description-inner\">\n                                \t\t\t\t\t\t\t\t<div class=\"qodef-linked-image-description\">\n                                                                            <h2 class=\"qodef-linked-image-title\">\n                                            Boat To Side                                        <\/h2>\n                                                                        \t\t\t\t\t\t\t\t\t                                    <div class=\"qodef-linked-image-cover\"><\/div>\n\t\t\t\t\t\t\t\t<\/div>\n\t\t\t\t\t\t\t<\/div>\n\t\t\t\t\t\t\t\t\t\t\t<\/div>\n\t\t\t\t\t\t\t\t\t<\/a>\n\t\t\t\t\t\t\t<\/div>\n\t\t<\/div>\n\t<\/div>\n\t<div class=\"qodef-linked-image-holder qodef-item-space qodef-li-text-slide\">\n\t\t<div class=\"qodef-linked-image-holder-inner\">\n\t\t\t<div class=\"qodef-linked-image-image-holder\">\n\t\t\t\t\t\t\t\t\t<a href=\"https:\/\/martiwatersports.com\/index.php\/aktiviteler\/motor-yatch-tour\/\" target=\"_self\">\n\t\t\t\t\t\t\t\t\t<div class=\"qodef-linked-image-image\">\n                        <img loading=\"lazy\" decoding=\"async\" width=\"2560\" height=\"1708\" src=\"https:\/\/martiwatersports.com\/wp-content\/uploads\/2024\/03\/motoryatch-scaled.jpg\" class=\"attachment-full size-full\" alt=\"\" srcset=\"https:\/\/martiwatersports.com\/wp-content\/uploads\/2024\/03\/motoryatch-scaled.jpg 2560w, https:\/\/martiwatersports.com\/wp-content\/uploads\/2024\/03\/motoryatch-300x200.jpg 300w, https:\/\/martiwatersports.com\/wp-content\/uploads\/2024\/03\/motoryatch-1024x683.jpg 1024w, https:\/\/martiwatersports.com\/wp-content\/uploads\/2024\/03\/motoryatch-768x512.jpg 768w, https:\/\/martiwatersports.com\/wp-content\/uploads\/2024\/03\/motoryatch-1536x1025.jpg 1536w\" sizes=\"auto, (max-width: 2560px) 100vw, 2560px\" \/>                    <\/div>\n\n\t\t\t\t\t<div class=\"qodef-linked-image-description-wrapper\">\n\t\t\t\t\t\t\t\t\t\t\t\t\t<div class=\"qodef-linked-image-description-inner\">\n                                \t\t\t\t\t\t\t\t<div class=\"qodef-linked-image-description\">\n                                                                            <h2 class=\"qodef-linked-image-title\">\n                                            Motoryatch                                        <\/h2>\n                                                                        \t\t\t\t\t\t\t\t\t                                    <div class=\"qodef-linked-image-cover\"><\/div>\n\t\t\t\t\t\t\t\t<\/div>\n\t\t\t\t\t\t\t<\/div>\n\t\t\t\t\t\t\t\t\t\t\t<\/div>\n\t\t\t\t\t\t\t\t\t<\/a>\n\t\t\t\t\t\t\t<\/div>\n\t\t<\/div>\n\t<\/div>\n\t<div class=\"qodef-linked-image-holder qodef-item-space qodef-li-text-slide\">\n\t\t<div class=\"qodef-linked-image-holder-inner\">\n\t\t\t<div class=\"qodef-linked-image-image-holder\">\n\t\t\t\t\t\t\t\t\t<a href=\"https:\/\/martiwatersports.com\/index.php\/aktiviteler\/flying-waterwall\/\" target=\"_self\">\n\t\t\t\t\t\t\t\t\t<div class=\"qodef-linked-image-image\">\n                        <img loading=\"lazy\" decoding=\"async\" width=\"662\" height=\"399\" src=\"https:\/\/martiwatersports.com\/wp-content\/uploads\/2024\/03\/waterfall-boat.png\" class=\"attachment-full size-full\" alt=\"\" srcset=\"https:\/\/martiwatersports.com\/wp-content\/uploads\/2024\/03\/waterfall-boat.png 662w, https:\/\/martiwatersports.com\/wp-content\/uploads\/2024\/03\/waterfall-boat-300x181.png 300w\" sizes=\"auto, (max-width: 662px) 100vw, 662px\" \/>                    <\/div>\n\n\t\t\t\t\t<div class=\"qodef-linked-image-description-wrapper\">\n\t\t\t\t\t\t\t\t\t\t\t\t\t<div class=\"qodef-linked-image-description-inner\">\n                                \t\t\t\t\t\t\t\t<div class=\"qodef-linked-image-description\">\n                                                                            <h2 class=\"qodef-linked-image-title\">\n                                            Waterfall                                        <\/h2>\n                                                                        \t\t\t\t\t\t\t\t\t                                    <div class=\"qodef-linked-image-cover\"><\/div>\n\t\t\t\t\t\t\t\t<\/div>\n\t\t\t\t\t\t\t<\/div>\n\t\t\t\t\t\t\t\t\t\t\t<\/div>\n\t\t\t\t\t\t\t\t\t<\/a>\n\t\t\t\t\t\t\t<\/div>\n\t\t<\/div>\n\t<\/div>\n\t<div class=\"qodef-linked-image-holder qodef-item-space qodef-li-text-slide\">\n\t\t<div class=\"qodef-linked-image-holder-inner\">\n\t\t\t<div class=\"qodef-linked-image-image-holder\">\n\t\t\t\t\t\t\t\t\t<a href=\"https:\/\/martiwatersports.com\/index.php\/aktiviteler\/fishing-tour\/\" target=\"_self\">\n\t\t\t\t\t\t\t\t\t<div class=\"qodef-linked-image-image\">\n                        <img loading=\"lazy\" decoding=\"async\" width=\"1707\" height=\"2560\" src=\"https:\/\/martiwatersports.com\/wp-content\/uploads\/2024\/02\/man-fishing-river-scaled.jpg\" class=\"attachment-full size-full\" alt=\"\" srcset=\"https:\/\/martiwatersports.com\/wp-content\/uploads\/2024\/02\/man-fishing-river-scaled.jpg 1707w, https:\/\/martiwatersports.com\/wp-content\/uploads\/2024\/02\/man-fishing-river-200x300.jpg 200w, https:\/\/martiwatersports.com\/wp-content\/uploads\/2024\/02\/man-fishing-river-683x1024.jpg 683w, https:\/\/martiwatersports.com\/wp-content\/uploads\/2024\/02\/man-fishing-river-768x1152.jpg 768w, https:\/\/martiwatersports.com\/wp-content\/uploads\/2024\/02\/man-fishing-river-1024x1536.jpg 1024w, https:\/\/martiwatersports.com\/wp-content\/uploads\/2024\/02\/man-fishing-river-1365x2048.jpg 1365w\" sizes=\"auto, (max-width: 1707px) 100vw, 1707px\" \/>                    <\/div>\n\n\t\t\t\t\t<div class=\"qodef-linked-image-description-wrapper\">\n\t\t\t\t\t\t\t\t\t\t\t\t\t<div class=\"qodef-linked-image-description-inner\">\n                                \t\t\t\t\t\t\t\t<div class=\"qodef-linked-image-description\">\n                                                                            <h2 class=\"qodef-linked-image-title\">\n                                            Fishing                                        <\/h2>\n                                                                        \t\t\t\t\t\t\t\t\t                                    <div class=\"qodef-linked-image-cover\"><\/div>\n\t\t\t\t\t\t\t\t<\/div>\n\t\t\t\t\t\t\t<\/div>\n\t\t\t\t\t\t\t\t\t\t\t<\/div>\n\t\t\t\t\t\t\t\t\t<\/a>\n\t\t\t\t\t\t\t<\/div>\n\t\t<\/div>\n\t<\/div>\n<\/div><\/div>[\/vc_column][\/vc_row][vc_row enable_surfer_icon=&#8221;no&#8221; css=&#8221;.vc_custom_1579771977111{padding-top: 64px !important;}&#8221;][vc_column offset=&#8221;vc_col-lg-offset-0 vc_col-lg-6 vc_col-md-offset-0 vc_col-md-12 vc_col-sm-offset-0 vc_col-xs-12&#8243; el_class=&#8221;qodef-map&#8221;][\/vc_column][vc_column css=&#8221;.vc_custom_1550505500194{margin-left: -15px !important;padding-left: 0px !important;}&#8221; offset=&#8221;vc_col-lg-offset-0 vc_col-lg-6 vc_col-md-offset-0 vc_col-md-12 vc_col-sm-offset-0&#8243;][\/vc_column][\/vc_row][vc_row enable_surfer_icon=&#8221;no&#8221; css=&#8221;.vc_custom_1579772057580{padding-top: 17px !important;}&#8221;][vc_column][\/vc_column][\/vc_row][vc_row disable_element=&#8221;yes&#8221; enable_surfer_icon=&#8221;no&#8221; css=&#8221;.vc_custom_1579772658976{padding-top: 17px !important;}&#8221;][vc_column][\/vc_column][\/vc_row]<\/p>\n","protected":false},"excerpt":{"rendered":"<p>[vc_row enable_surfer_icon=&#8221;no&#8221;][vc_column][vc_single_image image=&#8221;3245&#8243; img_size=&#8221;full&#8221;][\/vc_column][\/vc_row][vc_row enable_surfer_icon=&#8221;no&#8221; css=&#8221;.vc_custom_1579277130626{padding-top: 16px !important;}&#8221;][vc_column offset=&#8221;vc_col-lg-offset-0 vc_col-lg-6 vc_col-md-offset-0 vc_col-md-12 vc_col-sm-offset-0 vc_col-xs-12&#8243; el_class=&#8221;qodef-map&#8221;][vc_column_text] Denizin \u00d6zg\u00fcrl\u00fc\u011f\u00fcnde H\u0131z ve Huzurun Bulu\u015fmas\u0131: Mart\u0131 Su Sporlar\u0131 [\/vc_column_text][\/vc_column][vc_column css=&#8221;.vc_custom_1550505500194{margin-left: -15px !important;padding-left: 0px !important;}&#8221; offset=&#8221;vc_col-lg-offset-0 vc_col-lg-6 vc_col-md-offset-0 vc_col-md-12 vc_col-sm-offset-0&#8243;][\/vc_column][\/vc_row][vc_row content_text_aligment=&#8221;left&#8221; enable_surfer_icon=&#8221;no&#8221; css=&#8221;.vc_custom_1582543773844{padding-top: 14px !important;}&#8221;][vc_column][vc_column_text]Denizde [&hellip;]<\/p>\n","protected":false},"author":1,"featured_media":0,"parent":1116,"menu_order":0,"comment_status":"closed","ping_status":"closed","template":"","meta":{"footnotes":""},"class_list":["post-1591","page","type-page","status-publish","hentry"],"_links":{"self":[{"href":"https:\/\/martiwatersports.com\/index.php\/wp-json\/wp\/v2\/pages\/1591","targetHints":{"allow":["GET"]}}],"collection":[{"href":"https:\/\/martiwatersports.com\/index.php\/wp-json\/wp\/v2\/pages"}],"about":[{"href":"https:\/\/martiwatersports.com\/index.php\/wp-json\/wp\/v2\/types\/page"}],"author":[{"embeddable":true,"href":"https:\/\/martiwatersports.com\/index.php\/wp-json\/wp\/v2\/users\/1"}],"replies":[{"embeddable":true,"href":"https:\/\/martiwatersports.com\/index.php\/wp-json\/wp\/v2\/comments?post=1591"}],"version-history":[{"count":11,"href":"https:\/\/martiwatersports.com\/index.php\/wp-json\/wp\/v2\/pages\/1591\/revisions"}],"predecessor-version":[{"id":3328,"href":"https:\/\/martiwatersports.com\/index.php\/wp-json\/wp\/v2\/pages\/1591\/revisions\/3328"}],"up":[{"embeddable":true,"href":"https:\/\/martiwatersports.com\/index.php\/wp-json\/wp\/v2\/pages\/1116"}],"wp:attachment":[{"href":"https:\/\/martiwatersports.com\/index.php\/wp-json\/wp\/v2\/media?parent=1591"}],"curies":[{"name":"wp","href":"https:\/\/api.w.org\/{rel}","templated":true}]}}