{"id":1598,"date":"2020-02-11T10:26:38","date_gmt":"2020-02-11T10:26:38","guid":{"rendered":"https:\/\/waveride.qodeinteractive.com\/?page_id=1598"},"modified":"2024-03-16T21:12:57","modified_gmt":"2024-03-16T18:12:57","slug":"fishing-tour","status":"publish","type":"page","link":"https:\/\/martiwatersports.com\/index.php\/aktiviteler\/fishing-tour\/","title":{"rendered":"Fishing Tour"},"content":{"rendered":"<p>[vc_row enable_surfer_icon=&#8221;no&#8221;][vc_column][vc_single_image image=&#8221;3077&#8243; img_size=&#8221;full&#8221;][\/vc_column][\/vc_row][vc_row enable_surfer_icon=&#8221;no&#8221; css=&#8221;.vc_custom_1579277130626{padding-top: 16px !important;}&#8221;][vc_column offset=&#8221;vc_col-lg-offset-0 vc_col-lg-6 vc_col-md-offset-0 vc_col-md-12 vc_col-sm-offset-0 vc_col-xs-12&#8243; el_class=&#8221;qodef-map&#8221;][vc_column_text]<\/p>\n<h4><span style=\"font-weight: bold;\">Bal\u0131k Tutma Turlar\u0131m\u0131z..<\/span><\/h4>\n<p>[\/vc_column_text][\/vc_column][vc_column css=&#8221;.vc_custom_1550505500194{margin-left: -15px !important;padding-left: 0px !important;}&#8221; offset=&#8221;vc_col-lg-offset-0 vc_col-lg-6 vc_col-md-offset-0 vc_col-md-12 vc_col-sm-offset-0&#8243;][\/vc_column][\/vc_row][vc_row content_text_aligment=&#8221;left&#8221; enable_surfer_icon=&#8221;no&#8221; css=&#8221;.vc_custom_1582543773844{padding-top: 14px !important;}&#8221;][vc_column][vc_column_text]Denizin sakin sular\u0131nda huzur dolu bir deneyim ya\u015famak isteyenler i\u00e7in Mart\u0131 Su Sporlar\u0131, bal\u0131k tutma turlar\u0131yla unutulmaz bir f\u0131rsat sunuyor. E\u011fer siz de do\u011fan\u0131n kuca\u011f\u0131nda huzur dolu anlar ya\u015famak ve bal\u0131k tutman\u0131n keyfini \u00e7\u0131karmak istiyorsan\u0131z, Mart\u0131 Su Sporlar\u0131&#8217;n\u0131n bal\u0131k tutma turlar\u0131 tam size g\u00f6re.<\/p>\n<p><strong>Do\u011fayla Ba\u015f Ba\u015fa: Bal\u0131k Tutma Turu<\/strong><\/p>\n<p>Bal\u0131k tutma turlar\u0131m\u0131zda, do\u011fan\u0131n kuca\u011f\u0131nda huzurlu bir deneyim ya\u015fayacaks\u0131n\u0131z. Uzman rehberlerimiz e\u015fli\u011finde, denizin sakin sular\u0131nda bal\u0131k avlarken do\u011fan\u0131n g\u00fczelliklerini ke\u015ffedecek ve stresinizi geride b\u0131rakacaks\u0131n\u0131z. Mart\u0131 Su Sporlar\u0131 olarak, bal\u0131k tutma turu deneyiminizi unutulmaz k\u0131lmak i\u00e7in her detay\u0131 d\u00fc\u015f\u00fcn\u00fcyoruz.<\/p>\n<p><strong>Bal\u0131k Tutma Turu Hakk\u0131nda<\/strong><\/p>\n<p>Bal\u0131k tutma turlar\u0131m\u0131zda, denizin derinliklerinde gizlenen bal\u0131klar\u0131 avlarken do\u011fan\u0131n huzurunu hissedeceksiniz. Bal\u0131k tutma ekipmanlar\u0131m\u0131z\u0131 kullanarak uzman rehberlerimiz e\u015fli\u011finde deneyim kazan\u0131rken, ayn\u0131 zamanda g\u00fcne\u015fin ve denizin keyfini \u00e7\u0131karacaks\u0131n\u0131z. Ayr\u0131ca, \u00f6zel tur se\u00e7eneklerimizle arkada\u015flar\u0131n\u0131zla veya ailenizle keyifli bir g\u00fcn ge\u00e7irebilirsiniz.<\/p>\n<p><strong>Neden Mart\u0131 Su Sporlar\u0131?<\/strong><\/p>\n<ul>\n<li><strong>Uzman Rehberler:<\/strong> Deneyimli rehberlerimizle g\u00fcvenli ve keyifli bir bal\u0131k tutma deneyimi ya\u015faman\u0131z\u0131 sa\u011fl\u0131yoruz.<\/li>\n<li><strong>Do\u011fayla \u0130\u00e7 \u0130\u00e7e:<\/strong> Do\u011fan\u0131n sakin sular\u0131nda bal\u0131k avlarken stresinizi geride b\u0131rak\u0131n ve huzurun tad\u0131n\u0131 \u00e7\u0131kar\u0131n.<\/li>\n<li><strong>Ki\u015fiselle\u015ftirilmi\u015f Deneyim:<\/strong> \u0130htiya\u00e7lar\u0131n\u0131za ve tercihlerinize uygun olarak \u00f6zelle\u015ftirilmi\u015f turlar\u0131m\u0131zla unutulmaz anlar ya\u015faman\u0131z\u0131 sa\u011fl\u0131yoruz.<\/li>\n<\/ul>\n<p>[\/vc_column_text][vc_column_text css=&#8221;.vc_custom_1709385957300{padding-top: 2px !important;}&#8221;]<\/p>\n<blockquote><p><strong>Do\u011fan\u0131n Kuca\u011f\u0131nda Huzur Dolu Anlar: Mart\u0131 Bal\u0131k Tutma Turlar\u0131<\/strong><\/p><\/blockquote>\n<p>[\/vc_column_text][vc_column_text]<strong>Hadi Kat\u0131l\u0131n!<\/strong><\/p>\n<p>Do\u011fan\u0131n kuca\u011f\u0131nda huzur dolu anlar ya\u015famak ve bal\u0131k tutman\u0131n keyfini \u00e7\u0131karmak i\u00e7in hemen rezervasyon yap\u0131n! Mart\u0131 Su Sporlar\u0131 olarak, deniz tutkunlar\u0131n\u0131 unutulmaz bir deneyim ya\u015famaya davet ediyoruz.[\/vc_column_text][\/vc_column][\/vc_row][vc_row enable_surfer_icon=&#8221;no&#8221; css=&#8221;.vc_custom_1579769032153{padding-top: 61px !important;}&#8221;][vc_column offset=&#8221;vc_col-lg-offset-0 vc_col-lg-6 vc_col-md-offset-0 vc_col-md-12 vc_col-sm-offset-0 vc_col-xs-12&#8243; el_class=&#8221;qodef-map&#8221;][\/vc_column][vc_column css=&#8221;.vc_custom_1550505500194{margin-left: -15px !important;padding-left: 0px !important;}&#8221; offset=&#8221;vc_col-lg-offset-0 vc_col-lg-6 vc_col-md-offset-0 vc_col-md-12 vc_col-sm-offset-0&#8243;][\/vc_column][\/vc_row][vc_row enable_surfer_icon=&#8221;no&#8221;][vc_column]<div class=\"qodef-linked-images qodef-three-columns qodef-normal-space qodef-grid-masonry-list qodef-normal-space qodef-grid-list\"  data-full-height=\"yes\">\n\t\t<div class=\"qodef-masonry-list-wrapper qodef-outer-space\">\n\t\t<div class=\"qodef-masonry-grid-sizer\"><\/div>\n\t\t<div class=\"qodef-masonry-grid-gutter\"><\/div>\n\t\t\t<div class=\"qodef-linked-image-holder qodef-item-space qodef-li-text-slide\">\n\t\t<div class=\"qodef-linked-image-holder-inner\">\n\t\t\t<div class=\"qodef-linked-image-image-holder\">\n\t\t\t\t\t\t\t\t\t<a href=\"https:\/\/martiwatersports.com\/index.php\/aktiviteler\/motor-yatch-tour\/\" target=\"_self\">\n\t\t\t\t\t\t\t\t\t<div class=\"qodef-linked-image-image\">\n                        <img loading=\"lazy\" decoding=\"async\" width=\"2560\" height=\"1708\" src=\"https:\/\/martiwatersports.com\/wp-content\/uploads\/2024\/03\/motoryatch-scaled.jpg\" class=\"attachment-full size-full\" alt=\"\" srcset=\"https:\/\/martiwatersports.com\/wp-content\/uploads\/2024\/03\/motoryatch-scaled.jpg 2560w, https:\/\/martiwatersports.com\/wp-content\/uploads\/2024\/03\/motoryatch-300x200.jpg 300w, https:\/\/martiwatersports.com\/wp-content\/uploads\/2024\/03\/motoryatch-1024x683.jpg 1024w, https:\/\/martiwatersports.com\/wp-content\/uploads\/2024\/03\/motoryatch-768x512.jpg 768w, https:\/\/martiwatersports.com\/wp-content\/uploads\/2024\/03\/motoryatch-1536x1025.jpg 1536w\" sizes=\"auto, (max-width: 2560px) 100vw, 2560px\" \/>                    <\/div>\n\n\t\t\t\t\t<div class=\"qodef-linked-image-description-wrapper\">\n\t\t\t\t\t\t\t\t\t\t\t\t\t<div class=\"qodef-linked-image-description-inner\">\n                                \t\t\t\t\t\t\t\t<div class=\"qodef-linked-image-description\">\n                                                                            <h2 class=\"qodef-linked-image-title\">\n                                            Motoryatch                                        <\/h2>\n                                                                        \t\t\t\t\t\t\t\t\t                                    <div class=\"qodef-linked-image-cover\"><\/div>\n\t\t\t\t\t\t\t\t<\/div>\n\t\t\t\t\t\t\t<\/div>\n\t\t\t\t\t\t\t\t\t\t\t<\/div>\n\t\t\t\t\t\t\t\t\t<\/a>\n\t\t\t\t\t\t\t<\/div>\n\t\t<\/div>\n\t<\/div>\n\t<div class=\"qodef-linked-image-holder qodef-item-space qodef-li-text-slide\">\n\t\t<div class=\"qodef-linked-image-holder-inner\">\n\t\t\t<div class=\"qodef-linked-image-image-holder\">\n\t\t\t\t\t\t\t\t\t<a href=\"https:\/\/martiwatersports.com\/index.php\/aktiviteler\/flying-waterwall\/\" target=\"_self\">\n\t\t\t\t\t\t\t\t\t<div class=\"qodef-linked-image-image\">\n                        <img loading=\"lazy\" decoding=\"async\" width=\"662\" height=\"399\" src=\"https:\/\/martiwatersports.com\/wp-content\/uploads\/2024\/03\/waterfall-boat.png\" class=\"attachment-full size-full\" alt=\"\" srcset=\"https:\/\/martiwatersports.com\/wp-content\/uploads\/2024\/03\/waterfall-boat.png 662w, https:\/\/martiwatersports.com\/wp-content\/uploads\/2024\/03\/waterfall-boat-300x181.png 300w\" sizes=\"auto, (max-width: 662px) 100vw, 662px\" \/>                    <\/div>\n\n\t\t\t\t\t<div class=\"qodef-linked-image-description-wrapper\">\n\t\t\t\t\t\t\t\t\t\t\t\t\t<div class=\"qodef-linked-image-description-inner\">\n                                \t\t\t\t\t\t\t\t<div class=\"qodef-linked-image-description\">\n                                                                            <h2 class=\"qodef-linked-image-title\">\n                                            Waterfall                                        <\/h2>\n                                                                        \t\t\t\t\t\t\t\t\t                                    <div class=\"qodef-linked-image-cover\"><\/div>\n\t\t\t\t\t\t\t\t<\/div>\n\t\t\t\t\t\t\t<\/div>\n\t\t\t\t\t\t\t\t\t\t\t<\/div>\n\t\t\t\t\t\t\t\t\t<\/a>\n\t\t\t\t\t\t\t<\/div>\n\t\t<\/div>\n\t<\/div>\n\t<div class=\"qodef-linked-image-holder qodef-item-space qodef-li-text-slide\">\n\t\t<div class=\"qodef-linked-image-holder-inner\">\n\t\t\t<div class=\"qodef-linked-image-image-holder\">\n\t\t\t\t\t\t\t\t\t<a href=\"https:\/\/martiwatersports.com\/index.php\/aktiviteler\/speed-and-relax\/\" target=\"_self\">\n\t\t\t\t\t\t\t\t\t<div class=\"qodef-linked-image-image\">\n                        <img loading=\"lazy\" decoding=\"async\" width=\"662\" height=\"399\" src=\"https:\/\/martiwatersports.com\/wp-content\/uploads\/2024\/03\/speed-relax-boat-martiwatersports.png\" class=\"attachment-full size-full\" alt=\"\" srcset=\"https:\/\/martiwatersports.com\/wp-content\/uploads\/2024\/03\/speed-relax-boat-martiwatersports.png 662w, https:\/\/martiwatersports.com\/wp-content\/uploads\/2024\/03\/speed-relax-boat-martiwatersports-300x181.png 300w\" sizes=\"auto, (max-width: 662px) 100vw, 662px\" \/>                    <\/div>\n\n\t\t\t\t\t<div class=\"qodef-linked-image-description-wrapper\">\n\t\t\t\t\t\t\t\t\t\t\t\t\t<div class=\"qodef-linked-image-description-inner\">\n                                \t\t\t\t\t\t\t\t<div class=\"qodef-linked-image-description\">\n                                                                            <h2 class=\"qodef-linked-image-title\">\n                                            Speed Relax                                        <\/h2>\n                                                                        \t\t\t\t\t\t\t\t\t                                    <div class=\"qodef-linked-image-cover\"><\/div>\n\t\t\t\t\t\t\t\t<\/div>\n\t\t\t\t\t\t\t<\/div>\n\t\t\t\t\t\t\t\t\t\t\t<\/div>\n\t\t\t\t\t\t\t\t\t<\/a>\n\t\t\t\t\t\t\t<\/div>\n\t\t<\/div>\n\t<\/div>\n\t<div class=\"qodef-linked-image-holder qodef-item-space qodef-li-text-slide\">\n\t\t<div class=\"qodef-linked-image-holder-inner\">\n\t\t\t<div class=\"qodef-linked-image-image-holder\">\n\t\t\t\t\t\t\t\t\t<a href=\"https:\/\/martiwatersports.com\/index.php\/aktiviteler\/speed-boat\/\" target=\"_self\">\n\t\t\t\t\t\t\t\t\t<div class=\"qodef-linked-image-image\">\n                        <img loading=\"lazy\" decoding=\"async\" width=\"662\" height=\"399\" src=\"https:\/\/martiwatersports.com\/wp-content\/uploads\/2024\/03\/Adsiz-tasarim-4.png\" class=\"attachment-full size-full\" alt=\"\" srcset=\"https:\/\/martiwatersports.com\/wp-content\/uploads\/2024\/03\/Adsiz-tasarim-4.png 662w, https:\/\/martiwatersports.com\/wp-content\/uploads\/2024\/03\/Adsiz-tasarim-4-300x181.png 300w\" sizes=\"auto, (max-width: 662px) 100vw, 662px\" \/>                    <\/div>\n\n\t\t\t\t\t<div class=\"qodef-linked-image-description-wrapper\">\n\t\t\t\t\t\t\t\t\t\t\t\t\t<div class=\"qodef-linked-image-description-inner\">\n                                \t\t\t\t\t\t\t\t<div class=\"qodef-linked-image-description\">\n                                                                            <h2 class=\"qodef-linked-image-title\">\n                                            Boat To Side                                        <\/h2>\n                                                                        \t\t\t\t\t\t\t\t\t                                    <div class=\"qodef-linked-image-cover\"><\/div>\n\t\t\t\t\t\t\t\t<\/div>\n\t\t\t\t\t\t\t<\/div>\n\t\t\t\t\t\t\t\t\t\t\t<\/div>\n\t\t\t\t\t\t\t\t\t<\/a>\n\t\t\t\t\t\t\t<\/div>\n\t\t<\/div>\n\t<\/div>\n<\/div><\/div>[\/vc_column][\/vc_row][vc_row enable_surfer_icon=&#8221;no&#8221; css=&#8221;.vc_custom_1579771977111{padding-top: 64px !important;}&#8221;][vc_column offset=&#8221;vc_col-lg-offset-0 vc_col-lg-6 vc_col-md-offset-0 vc_col-md-12 vc_col-sm-offset-0 vc_col-xs-12&#8243; el_class=&#8221;qodef-map&#8221;][\/vc_column][vc_column css=&#8221;.vc_custom_1550505500194{margin-left: -15px !important;padding-left: 0px !important;}&#8221; offset=&#8221;vc_col-lg-offset-0 vc_col-lg-6 vc_col-md-offset-0 vc_col-md-12 vc_col-sm-offset-0&#8243;][\/vc_column][\/vc_row][vc_row enable_surfer_icon=&#8221;no&#8221; css=&#8221;.vc_custom_1579772057580{padding-top: 17px !important;}&#8221;][vc_column][\/vc_column][\/vc_row][vc_row disable_element=&#8221;yes&#8221; enable_surfer_icon=&#8221;no&#8221; css=&#8221;.vc_custom_1579772658976{padding-top: 17px !important;}&#8221;][vc_column][\/vc_column][\/vc_row]<\/p>\n","protected":false},"excerpt":{"rendered":"<p>[vc_row enable_surfer_icon=&#8221;no&#8221;][vc_column][vc_single_image image=&#8221;3077&#8243; img_size=&#8221;full&#8221;][\/vc_column][\/vc_row][vc_row enable_surfer_icon=&#8221;no&#8221; css=&#8221;.vc_custom_1579277130626{padding-top: 16px !important;}&#8221;][vc_column offset=&#8221;vc_col-lg-offset-0 vc_col-lg-6 vc_col-md-offset-0 vc_col-md-12 vc_col-sm-offset-0 vc_col-xs-12&#8243; el_class=&#8221;qodef-map&#8221;][vc_column_text] Bal\u0131k Tutma Turlar\u0131m\u0131z.. [\/vc_column_text][\/vc_column][vc_column css=&#8221;.vc_custom_1550505500194{margin-left: -15px !important;padding-left: 0px !important;}&#8221; offset=&#8221;vc_col-lg-offset-0 vc_col-lg-6 vc_col-md-offset-0 vc_col-md-12 vc_col-sm-offset-0&#8243;][\/vc_column][\/vc_row][vc_row content_text_aligment=&#8221;left&#8221; enable_surfer_icon=&#8221;no&#8221; css=&#8221;.vc_custom_1582543773844{padding-top: 14px !important;}&#8221;][vc_column][vc_column_text]Denizin sakin sular\u0131nda huzur dolu bir deneyim [&hellip;]<\/p>\n","protected":false},"author":1,"featured_media":0,"parent":1116,"menu_order":0,"comment_status":"closed","ping_status":"closed","template":"","meta":{"footnotes":""},"class_list":["post-1598","page","type-page","status-publish","hentry"],"_links":{"self":[{"href":"https:\/\/martiwatersports.com\/index.php\/wp-json\/wp\/v2\/pages\/1598","targetHints":{"allow":["GET"]}}],"collection":[{"href":"https:\/\/martiwatersports.com\/index.php\/wp-json\/wp\/v2\/pages"}],"about":[{"href":"https:\/\/martiwatersports.com\/index.php\/wp-json\/wp\/v2\/types\/page"}],"author":[{"embeddable":true,"href":"https:\/\/martiwatersports.com\/index.php\/wp-json\/wp\/v2\/users\/1"}],"replies":[{"embeddable":true,"href":"https:\/\/martiwatersports.com\/index.php\/wp-json\/wp\/v2\/comments?post=1598"}],"version-history":[{"count":7,"href":"https:\/\/martiwatersports.com\/index.php\/wp-json\/wp\/v2\/pages\/1598\/revisions"}],"predecessor-version":[{"id":3336,"href":"https:\/\/martiwatersports.com\/index.php\/wp-json\/wp\/v2\/pages\/1598\/revisions\/3336"}],"up":[{"embeddable":true,"href":"https:\/\/martiwatersports.com\/index.php\/wp-json\/wp\/v2\/pages\/1116"}],"wp:attachment":[{"href":"https:\/\/martiwatersports.com\/index.php\/wp-json\/wp\/v2\/media?parent=1598"}],"curies":[{"name":"wp","href":"https:\/\/api.w.org\/{rel}","templated":true}]}}